{"id":496,"date":"2023-04-12T08:51:20","date_gmt":"2023-04-12T08:51:20","guid":{"rendered":"http:\/\/localhost\/mrittik\/?page_id=496"},"modified":"2024-07-25T22:19:53","modified_gmt":"2024-07-25T22:19:53","slug":"projects","status":"publish","type":"page","link":"https:\/\/kreasistemyapi.com\/en\/projects\/","title":{"rendered":"Projects"},"content":{"rendered":"\t\t<div data-elementor-type=\"wp-page\" data-elementor-id=\"496\" class=\"elementor elementor-496\" data-elementor-post-type=\"page\">\n\t\t\t\t        <section class=\"elementor-section elementor-top-section elementor-element elementor-element-1468c5d elementor-section-boxed elementor-section-height-default elementor-section-height-default pxl-row-scroll-none pxl-show-grid-none pxl-section-bg-none pxl-section-grid-bg-false\" data-id=\"1468c5d\" data-element_type=\"section\">\n\n                \n                <div class=\"elementor-container elementor-column-gap-default \">\n                <div class=\"elementor-column elementor-col-100 elementor-top-column elementor-element elementor-element-5e7ca90 pxl-column-none\" data-id=\"5e7ca90\" data-element_type=\"column\">\r\n        <div class=\"elementor-widget-wrap elementor-element-populated\">\r\n                     \r\n        \t\t<div class=\"elementor-element elementor-element-ec02df1 pxl-post-layout-portfolio-3 elementor-widget elementor-widget-pxl_post_grid\" data-id=\"ec02df1\" data-element_type=\"widget\" data-widget_type=\"pxl_post_grid.default\">\n\t\t\t\t<div class=\"elementor-widget-container\">\n\t\t\t\t\t\n<div id=\"pxl_post_grid-ec02df1-7405\" class=\"pxl-grid pxl-portfolio-grid-layout3 style2\" data-layout=\"masonry\" data-start-page=\"1\" data-max-pages=\"2\" data-total=\"11\" data-perpage=\"6\" data-next-link=\"https:\/\/kreasistemyapi.com\/en\/wp-json\/wp\/v2\/pages\/496\/page\/2\/\">\n            <div class=\"pxl-grid-filter pxl-grid-filter1\">\n            <div class=\"pxl-filter--inner\">\n                <span class=\"filter-item active\" data-filter=\"*\">ALL<\/span>\n                                                                            \n                    <span class=\"filter-item\" data-filter=\".pxl-term-89\">\n                        Cafe                    <\/span>\n                                                                            \n                    <span class=\"filter-item\" data-filter=\".pxl-term-86\">\n                        Hotel                    <\/span>\n                                                                            \n                    <span class=\"filter-item\" data-filter=\".pxl-term-85\">\n                        Office                    <\/span>\n                                                                            \n                    <span class=\"filter-item\" data-filter=\".pxl-term-87\">\n                        Restaurant                    <\/span>\n                                                                            \n                    <span class=\"filter-item\" data-filter=\".pxl-term-88\">\n                        Retail                    <\/span>\n                            <\/div>\n            <div class=\"filter-marker\"><\/div>\n        <\/div>\n        <div class=\"pxl-grid-inner pxl-grid-masonry row\" data-gutter=\"15\">\n        <div class=\"grid-sizer col-xxl-12 col-xl-12 col-lg-12 col-md-12 col-sm-12 col-12\"><\/div>\n                    <div class=\"pxl-grid-item col-xxl-12 col-xl-12 col-lg-12 col-md-12 col-sm-12 col-12 pxl-term-87\">\n                <div class=\"pxl-item--inner \" data-wow-duration=\"1.2s\">\n                                            <div class=\"item--featured\">\n                            <a href=\"https:\/\/kreasistemyapi.com\/en\/project\/seraf-restoran\/\">\n                                <img fetchpriority=\"high\" decoding=\"async\" class=\"no-lazyload \" src=\"https:\/\/kreasistemyapi.com\/wp-content\/uploads\/2024\/07\/Seraf_2-900x600.jpg\" width=\"900\" height=\"600\" alt=\"Seraf_2\" title=\"Seraf_2\" \/>                            <\/a>\n                        <\/div>\n                                        <div class=\"item--content\">\n                                                <h4 class=\"item--title\"><a href=\"https:\/\/kreasistemyapi.com\/en\/project\/seraf-restoran\/\">Seraf Restoran<\/a><\/h4>\n                                                    <a class=\"item--button pxl-btn-line\" href=\"https:\/\/kreasistemyapi.com\/en\/project\/seraf-restoran\/\">\n                                <span class=\"btn-text\">\n                                    VIEW DETAILS                                <\/span>\n                                <span class=\"btn-icon\">\n                                    <span class=\"line\"><\/span>\n                                    <span class=\"circle\"><\/span>\n                                    <span class=\"dot\"><\/span>\n                                <\/span>\n                            <\/a>\n                                            <\/div>\n                <\/div>\n            <\/div>\n                    <div class=\"pxl-grid-item col-xxl-12 col-xl-12 col-lg-12 col-md-12 col-sm-12 col-12 pxl-term-89\">\n                <div class=\"pxl-item--inner \" data-wow-duration=\"1.2s\">\n                                            <div class=\"item--featured\">\n                            <a href=\"https:\/\/kreasistemyapi.com\/en\/project\/firindan\/\">\n                                <img decoding=\"async\" class=\"no-lazyload \" src=\"https:\/\/kreasistemyapi.com\/wp-content\/uploads\/2024\/07\/Firindan-Banner-1017x600.png\" width=\"1017\" height=\"600\" alt=\"F\u0131r\u0131ndan Banner\" title=\"F\u0131r\u0131ndan Banner\" \/>                            <\/a>\n                        <\/div>\n                                        <div class=\"item--content\">\n                                                <h4 class=\"item--title\"><a href=\"https:\/\/kreasistemyapi.com\/en\/project\/firindan\/\">F\u0131r\u0131ndan<\/a><\/h4>\n                                                    <a class=\"item--button pxl-btn-line\" href=\"https:\/\/kreasistemyapi.com\/en\/project\/firindan\/\">\n                                <span class=\"btn-text\">\n                                    VIEW DETAILS                                <\/span>\n                                <span class=\"btn-icon\">\n                                    <span class=\"line\"><\/span>\n                                    <span class=\"circle\"><\/span>\n                                    <span class=\"dot\"><\/span>\n                                <\/span>\n                            <\/a>\n                                            <\/div>\n                <\/div>\n            <\/div>\n                    <div class=\"pxl-grid-item col-xxl-12 col-xl-12 col-lg-12 col-md-12 col-sm-12 col-12 pxl-term-85\">\n                <div class=\"pxl-item--inner \" data-wow-duration=\"1.2s\">\n                                            <div class=\"item--featured\">\n                            <a href=\"https:\/\/kreasistemyapi.com\/en\/project\/ozlenir-ofis\/\">\n                                <img decoding=\"async\" class=\"no-lazyload \" src=\"https:\/\/kreasistemyapi.com\/wp-content\/uploads\/2024\/07\/ozlenir-ofis-1017x600.png\" width=\"1017\" height=\"600\" alt=\"ozlenir ofis\" title=\"ozlenir ofis\" \/>                            <\/a>\n                        <\/div>\n                                        <div class=\"item--content\">\n                                                <h4 class=\"item--title\"><a href=\"https:\/\/kreasistemyapi.com\/en\/project\/ozlenir-ofis\/\">\u00d6zlenir Ofis<\/a><\/h4>\n                                                    <a class=\"item--button pxl-btn-line\" href=\"https:\/\/kreasistemyapi.com\/en\/project\/ozlenir-ofis\/\">\n                                <span class=\"btn-text\">\n                                    VIEW DETAILS                                <\/span>\n                                <span class=\"btn-icon\">\n                                    <span class=\"line\"><\/span>\n                                    <span class=\"circle\"><\/span>\n                                    <span class=\"dot\"><\/span>\n                                <\/span>\n                            <\/a>\n                                            <\/div>\n                <\/div>\n            <\/div>\n                    <div class=\"pxl-grid-item col-xxl-12 col-xl-12 col-lg-12 col-md-12 col-sm-12 col-12 pxl-term-85\">\n                <div class=\"pxl-item--inner \" data-wow-duration=\"1.2s\">\n                                            <div class=\"item--featured\">\n                            <a href=\"https:\/\/kreasistemyapi.com\/en\/project\/seba-bank\/\">\n                                <img loading=\"lazy\" decoding=\"async\" class=\"no-lazyload \" src=\"https:\/\/kreasistemyapi.com\/wp-content\/uploads\/2024\/07\/seba-bank-1017x600.png\" width=\"1017\" height=\"600\" alt=\"seba bank\" title=\"seba bank\" \/>                            <\/a>\n                        <\/div>\n                                        <div class=\"item--content\">\n                                                <h4 class=\"item--title\"><a href=\"https:\/\/kreasistemyapi.com\/en\/project\/seba-bank\/\">Seba bank<\/a><\/h4>\n                                                    <a class=\"item--button pxl-btn-line\" href=\"https:\/\/kreasistemyapi.com\/en\/project\/seba-bank\/\">\n                                <span class=\"btn-text\">\n                                    VIEW DETAILS                                <\/span>\n                                <span class=\"btn-icon\">\n                                    <span class=\"line\"><\/span>\n                                    <span class=\"circle\"><\/span>\n                                    <span class=\"dot\"><\/span>\n                                <\/span>\n                            <\/a>\n                                            <\/div>\n                <\/div>\n            <\/div>\n                    <div class=\"pxl-grid-item col-xxl-12 col-xl-12 col-lg-12 col-md-12 col-sm-12 col-12 pxl-term-85\">\n                <div class=\"pxl-item--inner \" data-wow-duration=\"1.2s\">\n                                            <div class=\"item--featured\">\n                            <a href=\"https:\/\/kreasistemyapi.com\/en\/project\/spyke-games\/\">\n                                <img loading=\"lazy\" decoding=\"async\" class=\"no-lazyload \" src=\"https:\/\/kreasistemyapi.com\/wp-content\/uploads\/2024\/07\/spyke-games-1017x600.png\" width=\"1017\" height=\"600\" alt=\"spyke games\" title=\"spyke games\" \/>                            <\/a>\n                        <\/div>\n                                        <div class=\"item--content\">\n                                                <h4 class=\"item--title\"><a href=\"https:\/\/kreasistemyapi.com\/en\/project\/spyke-games\/\">Spyke Games<\/a><\/h4>\n                                                    <a class=\"item--button pxl-btn-line\" href=\"https:\/\/kreasistemyapi.com\/en\/project\/spyke-games\/\">\n                                <span class=\"btn-text\">\n                                    VIEW DETAILS                                <\/span>\n                                <span class=\"btn-icon\">\n                                    <span class=\"line\"><\/span>\n                                    <span class=\"circle\"><\/span>\n                                    <span class=\"dot\"><\/span>\n                                <\/span>\n                            <\/a>\n                                            <\/div>\n                <\/div>\n            <\/div>\n                    <div class=\"pxl-grid-item col-xxl-12 col-xl-12 col-lg-12 col-md-12 col-sm-12 col-12 pxl-term-88\">\n                <div class=\"pxl-item--inner \" data-wow-duration=\"1.2s\">\n                                            <div class=\"item--featured\">\n                            <a href=\"https:\/\/kreasistemyapi.com\/en\/project\/loccitane\/\">\n                                <img loading=\"lazy\" decoding=\"async\" class=\"no-lazyload \" src=\"https:\/\/kreasistemyapi.com\/wp-content\/uploads\/2024\/07\/Loccitane-1017x600.png\" width=\"1017\" height=\"600\" alt=\"Loccitane\" title=\"Loccitane\" \/>                            <\/a>\n                        <\/div>\n                                        <div class=\"item--content\">\n                                                <h4 class=\"item--title\"><a href=\"https:\/\/kreasistemyapi.com\/en\/project\/loccitane\/\">L\u2019occitane<\/a><\/h4>\n                                                    <a class=\"item--button pxl-btn-line\" href=\"https:\/\/kreasistemyapi.com\/en\/project\/loccitane\/\">\n                                <span class=\"btn-text\">\n                                    VIEW DETAILS                                <\/span>\n                                <span class=\"btn-icon\">\n                                    <span class=\"line\"><\/span>\n                                    <span class=\"circle\"><\/span>\n                                    <span class=\"dot\"><\/span>\n                                <\/span>\n                            <\/a>\n                                            <\/div>\n                <\/div>\n            <\/div>\n            <\/div>\n    <div class=\"pxl-grid-no-results\">No matching results.<\/div>\n            <div class=\"pxl-grid-pagination\" data-loadmore=\"{&quot;post_type&quot;:&quot;portfolio&quot;,&quot;layout&quot;:&quot;portfolio-3&quot;,&quot;layout_mode&quot;:&quot;masonry&quot;,&quot;startPage&quot;:1,&quot;maxPages&quot;:2,&quot;total&quot;:11,&quot;perpage&quot;:&quot;6&quot;,&quot;nextLink&quot;:&quot;https:\\\/\\\/kreasistemyapi.com\\\/en\\\/wp-json\\\/wp\\\/v2\\\/pages\\\/496\\\/page\\\/2\\\/&quot;,&quot;source&quot;:[&quot;cafe|portfolio-category&quot;,&quot;hotel|portfolio-category&quot;,&quot;office|portfolio-category&quot;,&quot;restaurant|portfolio-category&quot;,&quot;retail|portfolio-category&quot;],&quot;orderby&quot;:&quot;date&quot;,&quot;order&quot;:&quot;desc&quot;,&quot;limit&quot;:&quot;6&quot;,&quot;post_ids&quot;:[],&quot;col_xxl&quot;:12,&quot;col_xl&quot;:12,&quot;col_lg&quot;:12,&quot;col_md&quot;:12,&quot;col_sm&quot;:12,&quot;col_xs&quot;:12,&quot;pagination_type&quot;:&quot;pagination&quot;,&quot;show_tag&quot;:&quot;true&quot;,&quot;show_button&quot;:&quot;true&quot;,&quot;button_text&quot;:&quot;&quot;,&quot;img_size&quot;:&quot;1017x600&quot;,&quot;grid_masonry&quot;:&quot;&quot;,&quot;pxl_animate&quot;:&quot;&quot;,&quot;tax&quot;:[&quot;portfolio-category&quot;,&quot;portfolio-category&quot;,&quot;portfolio-category&quot;,&quot;portfolio-category&quot;,&quot;portfolio-category&quot;]}\" data-query=\"{&quot;post_type&quot;:&quot;portfolio&quot;,&quot;post_status&quot;:&quot;publish&quot;,&quot;posts_per_page&quot;:6,&quot;order&quot;:&quot;desc&quot;,&quot;orderby&quot;:&quot;date&quot;,&quot;tax_query&quot;:{&quot;relation&quot;:&quot;OR&quot;,&quot;0&quot;:{&quot;taxonomy&quot;:&quot;portfolio-category&quot;,&quot;field&quot;:&quot;slug&quot;,&quot;operator&quot;:&quot;IN&quot;,&quot;terms&quot;:[&quot;cafe&quot;]},&quot;1&quot;:{&quot;taxonomy&quot;:&quot;portfolio-category&quot;,&quot;field&quot;:&quot;slug&quot;,&quot;operator&quot;:&quot;IN&quot;,&quot;terms&quot;:[&quot;hotel&quot;]},&quot;2&quot;:{&quot;taxonomy&quot;:&quot;portfolio-category&quot;,&quot;field&quot;:&quot;slug&quot;,&quot;operator&quot;:&quot;IN&quot;,&quot;terms&quot;:[&quot;office&quot;]},&quot;3&quot;:{&quot;taxonomy&quot;:&quot;portfolio-category&quot;,&quot;field&quot;:&quot;slug&quot;,&quot;operator&quot;:&quot;IN&quot;,&quot;terms&quot;:[&quot;restaurant&quot;]},&quot;4&quot;:{&quot;taxonomy&quot;:&quot;portfolio-category&quot;,&quot;field&quot;:&quot;slug&quot;,&quot;operator&quot;:&quot;IN&quot;,&quot;terms&quot;:[&quot;retail&quot;]}},&quot;post__not_in&quot;:[496]}\">\n                        <nav class=\"pxl-pagination-wrap ajax\">\n                <div class=\"pxl-pagination-links\">\n                    <span aria-current=\"page\" class=\"page-numbers current\">1<\/span>\n<a class=\"page-numbers\" href=\"#2\">2<\/a>\n<a class=\"next page-numbers\" href=\"#2\"><\/a>                <\/div>\n            <\/nav>\n                    <\/div>\n        <\/div>\t\t\t\t<\/div>\n\t\t\t\t<\/div>\n\t\t            <\/div>\r\n        <\/div>\r\n        \t\t\t<\/div>\n\t\t<\/section>\n\t\t\t\t<\/div>\n\t\t","protected":false},"excerpt":{"rendered":"<p>ALL Cafe Hotel Office Restaurant Retail F\u0131r\u0131ndan VIEW DETAILS \u00d6zlenir Ofis VIEW DETAILS Seba bank VIEW DETAILS Spyke Games VIEW DETAILS L\u2019occitane VIEW DETAILS Tezman Ofis VIEW DETAILS No matching results. 1 2<\/p>\n","protected":false},"author":2,"featured_media":0,"parent":0,"menu_order":0,"comment_status":"closed","ping_status":"closed","template":"","meta":{"footnotes":""},"class_list":["post-496","page","type-page","status-publish","hentry"],"yoast_head":"<!-- This site is optimized with the Yoast SEO plugin v26.0 - https:\/\/yoast.com\/wordpress\/plugins\/seo\/ -->\n<title>Projects - KREA Sistem - Furniture And Fittings<\/title>\n<meta name=\"robots\" content=\"index, follow, max-snippet:-1, max-image-preview:large, max-video-preview:-1\" \/>\n<link rel=\"canonical\" href=\"https:\/\/kreasistemyapi.com\/projelerimiz\/\" \/>\n<meta property=\"og:locale\" content=\"en_US\" \/>\n<meta property=\"og:type\" content=\"article\" \/>\n<meta property=\"og:title\" content=\"Projects - KREA Sistem - Furniture And Fittings\" \/>\n<meta property=\"og:description\" content=\"ALL Cafe Hotel Office Restaurant Retail F\u0131r\u0131ndan VIEW DETAILS \u00d6zlenir Ofis VIEW DETAILS Seba bank VIEW DETAILS Spyke Games VIEW DETAILS L\u2019occitane VIEW DETAILS Tezman Ofis VIEW DETAILS No matching results. 1 2\" \/>\n<meta property=\"og:url\" content=\"https:\/\/kreasistemyapi.com\/projelerimiz\/\" \/>\n<meta property=\"og:site_name\" content=\"KREA Sistem - Furniture And Fittings\" \/>\n<meta property=\"article:modified_time\" content=\"2024-07-25T22:19:53+00:00\" \/>\n<meta property=\"og:image\" content=\"http:\/\/kreasistemyapi.com\/wp-content\/uploads\/2024\/07\/Firindan-Banner-1017x600.png\" \/>\n<meta name=\"twitter:card\" content=\"summary_large_image\" \/>\n<script type=\"application\/ld+json\" class=\"yoast-schema-graph\">{\"@context\":\"https:\/\/schema.org\",\"@graph\":[{\"@type\":\"WebPage\",\"@id\":\"https:\/\/kreasistemyapi.com\/projelerimiz\/\",\"url\":\"https:\/\/kreasistemyapi.com\/projelerimiz\/\",\"name\":\"Projects - KREA Sistem - Furniture And Fittings\",\"isPartOf\":{\"@id\":\"https:\/\/kreasistemyapi.com\/#website\"},\"primaryImageOfPage\":{\"@id\":\"https:\/\/kreasistemyapi.com\/projelerimiz\/#primaryimage\"},\"image\":{\"@id\":\"https:\/\/kreasistemyapi.com\/projelerimiz\/#primaryimage\"},\"thumbnailUrl\":\"http:\/\/kreasistemyapi.com\/wp-content\/uploads\/2024\/07\/Firindan-Banner-1017x600.png\",\"datePublished\":\"2023-04-12T08:51:20+00:00\",\"dateModified\":\"2024-07-25T22:19:53+00:00\",\"breadcrumb\":{\"@id\":\"https:\/\/kreasistemyapi.com\/projelerimiz\/#breadcrumb\"},\"inLanguage\":\"en-US\",\"potentialAction\":[{\"@type\":\"ReadAction\",\"target\":[\"https:\/\/kreasistemyapi.com\/projelerimiz\/\"]}]},{\"@type\":\"ImageObject\",\"inLanguage\":\"en-US\",\"@id\":\"https:\/\/kreasistemyapi.com\/projelerimiz\/#primaryimage\",\"url\":\"http:\/\/kreasistemyapi.com\/wp-content\/uploads\/2024\/07\/Firindan-Banner-1017x600.png\",\"contentUrl\":\"http:\/\/kreasistemyapi.com\/wp-content\/uploads\/2024\/07\/Firindan-Banner-1017x600.png\"},{\"@type\":\"BreadcrumbList\",\"@id\":\"https:\/\/kreasistemyapi.com\/projelerimiz\/#breadcrumb\",\"itemListElement\":[{\"@type\":\"ListItem\",\"position\":1,\"name\":\"Home\",\"item\":\"https:\/\/kreasistemyapi.com\/en\/\"},{\"@type\":\"ListItem\",\"position\":2,\"name\":\"Projects\"}]},{\"@type\":\"WebSite\",\"@id\":\"https:\/\/kreasistemyapi.com\/#website\",\"url\":\"https:\/\/kreasistemyapi.com\/\",\"name\":\"KREA Sistem - Furniture And Fittings\",\"description\":\"\",\"publisher\":{\"@id\":\"https:\/\/kreasistemyapi.com\/#organization\"},\"potentialAction\":[{\"@type\":\"SearchAction\",\"target\":{\"@type\":\"EntryPoint\",\"urlTemplate\":\"https:\/\/kreasistemyapi.com\/?s={search_term_string}\"},\"query-input\":{\"@type\":\"PropertyValueSpecification\",\"valueRequired\":true,\"valueName\":\"search_term_string\"}}],\"inLanguage\":\"en-US\"},{\"@type\":\"Organization\",\"@id\":\"https:\/\/kreasistemyapi.com\/#organization\",\"name\":\"Krea Sistem\",\"url\":\"https:\/\/kreasistemyapi.com\/\",\"logo\":{\"@type\":\"ImageObject\",\"inLanguage\":\"en-US\",\"@id\":\"https:\/\/kreasistemyapi.com\/#\/schema\/logo\/image\/\",\"url\":\"https:\/\/kreasistemyapi.com\/wp-content\/uploads\/2024\/07\/Krea-Logo-dark.png\",\"contentUrl\":\"https:\/\/kreasistemyapi.com\/wp-content\/uploads\/2024\/07\/Krea-Logo-dark.png\",\"width\":1402,\"height\":515,\"caption\":\"Krea Sistem\"},\"image\":{\"@id\":\"https:\/\/kreasistemyapi.com\/#\/schema\/logo\/image\/\"}}]}<\/script>\n<!-- \/ Yoast SEO plugin. -->","yoast_head_json":{"title":"Projects - KREA Sistem - Furniture And Fittings","robots":{"index":"index","follow":"follow","max-snippet":"max-snippet:-1","max-image-preview":"max-image-preview:large","max-video-preview":"max-video-preview:-1"},"canonical":"https:\/\/kreasistemyapi.com\/projelerimiz\/","og_locale":"en_US","og_type":"article","og_title":"Projects - KREA Sistem - Furniture And Fittings","og_description":"ALL Cafe Hotel Office Restaurant Retail F\u0131r\u0131ndan VIEW DETAILS \u00d6zlenir Ofis VIEW DETAILS Seba bank VIEW DETAILS Spyke Games VIEW DETAILS L\u2019occitane VIEW DETAILS Tezman Ofis VIEW DETAILS No matching results. 1 2","og_url":"https:\/\/kreasistemyapi.com\/projelerimiz\/","og_site_name":"KREA Sistem - Furniture And Fittings","article_modified_time":"2024-07-25T22:19:53+00:00","og_image":[{"url":"http:\/\/kreasistemyapi.com\/wp-content\/uploads\/2024\/07\/Firindan-Banner-1017x600.png","type":"","width":"","height":""}],"twitter_card":"summary_large_image","schema":{"@context":"https:\/\/schema.org","@graph":[{"@type":"WebPage","@id":"https:\/\/kreasistemyapi.com\/projelerimiz\/","url":"https:\/\/kreasistemyapi.com\/projelerimiz\/","name":"Projects - KREA Sistem - Furniture And Fittings","isPartOf":{"@id":"https:\/\/kreasistemyapi.com\/#website"},"primaryImageOfPage":{"@id":"https:\/\/kreasistemyapi.com\/projelerimiz\/#primaryimage"},"image":{"@id":"https:\/\/kreasistemyapi.com\/projelerimiz\/#primaryimage"},"thumbnailUrl":"http:\/\/kreasistemyapi.com\/wp-content\/uploads\/2024\/07\/Firindan-Banner-1017x600.png","datePublished":"2023-04-12T08:51:20+00:00","dateModified":"2024-07-25T22:19:53+00:00","breadcrumb":{"@id":"https:\/\/kreasistemyapi.com\/projelerimiz\/#breadcrumb"},"inLanguage":"en-US","potentialAction":[{"@type":"ReadAction","target":["https:\/\/kreasistemyapi.com\/projelerimiz\/"]}]},{"@type":"ImageObject","inLanguage":"en-US","@id":"https:\/\/kreasistemyapi.com\/projelerimiz\/#primaryimage","url":"http:\/\/kreasistemyapi.com\/wp-content\/uploads\/2024\/07\/Firindan-Banner-1017x600.png","contentUrl":"http:\/\/kreasistemyapi.com\/wp-content\/uploads\/2024\/07\/Firindan-Banner-1017x600.png"},{"@type":"BreadcrumbList","@id":"https:\/\/kreasistemyapi.com\/projelerimiz\/#breadcrumb","itemListElement":[{"@type":"ListItem","position":1,"name":"Home","item":"https:\/\/kreasistemyapi.com\/en\/"},{"@type":"ListItem","position":2,"name":"Projects"}]},{"@type":"WebSite","@id":"https:\/\/kreasistemyapi.com\/#website","url":"https:\/\/kreasistemyapi.com\/","name":"KREA Sistem - Furniture And Fittings","description":"","publisher":{"@id":"https:\/\/kreasistemyapi.com\/#organization"},"potentialAction":[{"@type":"SearchAction","target":{"@type":"EntryPoint","urlTemplate":"https:\/\/kreasistemyapi.com\/?s={search_term_string}"},"query-input":{"@type":"PropertyValueSpecification","valueRequired":true,"valueName":"search_term_string"}}],"inLanguage":"en-US"},{"@type":"Organization","@id":"https:\/\/kreasistemyapi.com\/#organization","name":"Krea Sistem","url":"https:\/\/kreasistemyapi.com\/","logo":{"@type":"ImageObject","inLanguage":"en-US","@id":"https:\/\/kreasistemyapi.com\/#\/schema\/logo\/image\/","url":"https:\/\/kreasistemyapi.com\/wp-content\/uploads\/2024\/07\/Krea-Logo-dark.png","contentUrl":"https:\/\/kreasistemyapi.com\/wp-content\/uploads\/2024\/07\/Krea-Logo-dark.png","width":1402,"height":515,"caption":"Krea Sistem"},"image":{"@id":"https:\/\/kreasistemyapi.com\/#\/schema\/logo\/image\/"}}]}},"_links":{"self":[{"href":"https:\/\/kreasistemyapi.com\/en\/wp-json\/wp\/v2\/pages\/496","targetHints":{"allow":["GET"]}}],"collection":[{"href":"https:\/\/kreasistemyapi.com\/en\/wp-json\/wp\/v2\/pages"}],"about":[{"href":"https:\/\/kreasistemyapi.com\/en\/wp-json\/wp\/v2\/types\/page"}],"author":[{"embeddable":true,"href":"https:\/\/kreasistemyapi.com\/en\/wp-json\/wp\/v2\/users\/2"}],"replies":[{"embeddable":true,"href":"https:\/\/kreasistemyapi.com\/en\/wp-json\/wp\/v2\/comments?post=496"}],"version-history":[{"count":7,"href":"https:\/\/kreasistemyapi.com\/en\/wp-json\/wp\/v2\/pages\/496\/revisions"}],"predecessor-version":[{"id":9700,"href":"https:\/\/kreasistemyapi.com\/en\/wp-json\/wp\/v2\/pages\/496\/revisions\/9700"}],"wp:attachment":[{"href":"https:\/\/kreasistemyapi.com\/en\/wp-json\/wp\/v2\/media?parent=496"}],"curies":[{"name":"wp","href":"https:\/\/api.w.org\/{rel}","templated":true}]}}